{"id":511,"date":"2022-07-05T06:59:49","date_gmt":"2022-07-05T04:59:49","guid":{"rendered":"http:\/\/biercauto.pl\/?page_id=511"},"modified":"2022-09-22T09:36:42","modified_gmt":"2022-09-22T07:36:42","slug":"oferta","status":"publish","type":"page","link":"https:\/\/biercauto.pl\/?page_id=511","title":{"rendered":"Oferta"},"content":{"rendered":"<h2 class=\"lvl0__h lvl0__h--35\">Pe\u0142en profesjonalizm, nie tylko dla ford\u00f3w<\/h2>\n<p>W ramach <strong>ASO Ford Quick Lane<\/strong>, jak nazwa zobowi\u0105zuje, sprawnie wykonujemy obs\u0142ug\u0119 gwarancyjn\u0105 i pogwarancyjn\u0105 wszystkich pojazd\u00f3w osobowych i dostawczych marki Ford do 3,5 t. Niestraszne nam \u017cadne usterki ani kompleksowe remonty silnika czy naprawy ka\u017cdego rodzaju skrzy\u0144 bieg\u00f3w. Soft tuning te\u017c zrobimy!<\/p>\n<p>\u015awiadczymy ponadto naprawy g\u0142\u00f3wne silnik\u00f3w i skrzy\u0144 bieg\u00f3w oraz pe\u0142n\u0105 obs\u0142ug\u0119 na poziomie ASO <strong>samochod\u00f3w BMW i wszystkich marek z VW Group<\/strong>. Wykonujemy diagnostyk\u0119 przy u\u017cyciu oryginalnego oprogramowania dla marek Ford, BMW i VW Group. Wszystkie cz\u0119\u015bci, jakich u\u017cywamy, to oryginalne podzespo\u0142y <strong>Ford, Motorcraft i Omnicraft<\/strong>.<br \/>\nZajmujemy si\u0119 obs\u0142ug\u0105 eksploatacyjn\u0105 aut wszystkich marek.<\/p>\n<p>W zakresie elektromechaniki programujemy czujniki TPMS i inne modu\u0142y. Soft tuning, kt\u00f3ry wykonujemy we wsp\u00f3\u0142pracy z MagicMotosport.<\/p>\n<p><img loading=\"lazy\" src=\"\/wp-content\/uploads\/2022\/07\/oferta.jpg\" alt=\"\" width=\"869\" height=\"340\" class=\"mb-40\" \/><\/p>\n<p>Wszystkim posiadaczom samochod\u00f3w osobowych oferujemy nasze wiedz\u0119 i znajomo\u015b\u0107 bran\u017cy: pomo\u017cemy w podj\u0119ciu decyzji zakup\u00f3w po ogl\u0119dzinach samochodu, sami <a href=\"\/samochody\/\">wystawiamy<\/a> sprawdzone i godne zakupu modele, wycenimy szkody (w\u0142a\u015bciciel firmy jest rzeczoznawc\u0105 w tym zakresie \u2013 <a href=\"\/o-firmie\/o-nas\/\">sprawd\u017a<\/a>).<\/p>\n<h3 class=\"lvl0__h lvl0__h--35 mt-30\">Warto z nami!<\/h3>\n<p>Wybieraj\u0105c nasz autoryzowany serwis, wybierasz nie tylko gwarancj\u0119 jako\u015bci Forda, ale przede wszystkim uczciwo\u015b\u0107, konkurencyjne ceny i najwy\u017cszy poziom us\u0142ug w szerokim zakresie.<\/p>\n<div class=\"container\">\n<div class=\"row\">\n<div class=\"col-12 col-md-6 mt-5 mb-15\">\n<ul>\n<li>Obs\u0142ugujemy i naprawiamy samochody z nap\u0119dem 4&#215;4, posiadamy hamownie 2&#215;4 i 4&#215;4.<\/li>\n<li>Kupisz u nas oryginalne cz\u0119\u015bci samochodowe marek: <strong>Ford, Motorcraft, Omnicraft<\/strong> i zamiennych.<\/li>\n<li>Jeste\u015bmy autoryzowanym dystrybutorem olej\u00f3w marki Valvoline \u2013 doradzamy, sprzedajemy, wymieniamy olej.<\/li>\n<\/ul><\/div>\n<div class=\"col-12 col-md-6\">\n<ul>\n<li>\u015awiadczymy naprawy w zakresie elektromechaniki i programowania modu\u0142\u00f3w.<\/li>\n<li>Stosujemy oryginalne cz\u0119\u015bci sprawdzonej produkcji lub zamienniki jako\u015bci OE.<\/li>\n<\/ul><\/div>\n<\/p><\/div>\n<\/div>\n","protected":false},"excerpt":{"rendered":"<p>Pe\u0142en profesjonalizm, nie tylko dla ford\u00f3w W ramach ASO Ford Quick Lane, jak nazwa zobowi\u0105zuje, sprawnie wykonujemy obs\u0142ug\u0119 gwarancyjn\u0105 i pogwarancyjn\u0105 wszystkich pojazd\u00f3w osobowych i dostawczych marki Ford do 3,5 t. Niestraszne nam \u017cadne usterki ani kompleksowe remonty silnika czy naprawy ka\u017cdego rodzaju skrzy\u0144 bieg\u00f3w. Soft tuning te\u017c zrobimy! \u015awiadczymy ponadto naprawy g\u0142\u00f3wne silnik\u00f3w i [&hellip;]<\/p>\n","protected":false},"author":1,"featured_media":0,"parent":0,"menu_order":0,"comment_status":"closed","ping_status":"closed","template":"templates\/page-sidebar-left.php","meta":[],"acf":[],"yoast_head":"<!-- This site is optimized with the Yoast SEO plugin v20.6 - https:\/\/yoast.com\/wordpress\/plugins\/seo\/ -->\n<title>Oferta - Bierc Auto Serwis<\/title>\n<meta name=\"robots\" content=\"noindex, follow, max-snippet:-1, max-image-preview:large, max-video-preview:-1\" \/>\n<meta property=\"og:locale\" content=\"pl_PL\" \/>\n<meta property=\"og:type\" content=\"article\" \/>\n<meta property=\"og:title\" content=\"Oferta - Bierc Auto Serwis\" \/>\n<meta property=\"og:description\" content=\"Pe\u0142en profesjonalizm, nie tylko dla ford\u00f3w W ramach ASO Ford Quick Lane, jak nazwa zobowi\u0105zuje, sprawnie wykonujemy obs\u0142ug\u0119 gwarancyjn\u0105 i pogwarancyjn\u0105 wszystkich pojazd\u00f3w osobowych i dostawczych marki Ford do 3,5 t. Niestraszne nam \u017cadne usterki ani kompleksowe remonty silnika czy naprawy ka\u017cdego rodzaju skrzy\u0144 bieg\u00f3w. Soft tuning te\u017c zrobimy! \u015awiadczymy ponadto naprawy g\u0142\u00f3wne silnik\u00f3w i [&hellip;]\" \/>\n<meta property=\"og:url\" content=\"https:\/\/biercauto.pl\/?page_id=511\" \/>\n<meta property=\"og:site_name\" content=\"Bierc Auto Serwis\" \/>\n<meta property=\"article:modified_time\" content=\"2022-09-22T07:36:42+00:00\" \/>\n<meta name=\"twitter:card\" content=\"summary_large_image\" \/>\n<meta name=\"twitter:label1\" content=\"Szacowany czas czytania\" \/>\n\t<meta name=\"twitter:data1\" content=\"2 minuty\" \/>\n<script type=\"application\/ld+json\" class=\"yoast-schema-graph\">{\"@context\":\"https:\/\/schema.org\",\"@graph\":[{\"@type\":\"WebPage\",\"@id\":\"https:\/\/biercauto.pl\/?page_id=511\",\"url\":\"https:\/\/biercauto.pl\/?page_id=511\",\"name\":\"Oferta - Bierc Auto Serwis\",\"isPartOf\":{\"@id\":\"https:\/\/biercauto.pl\/#website\"},\"datePublished\":\"2022-07-05T04:59:49+00:00\",\"dateModified\":\"2022-09-22T07:36:42+00:00\",\"breadcrumb\":{\"@id\":\"https:\/\/biercauto.pl\/?page_id=511#breadcrumb\"},\"inLanguage\":\"pl-PL\",\"potentialAction\":[{\"@type\":\"ReadAction\",\"target\":[\"https:\/\/biercauto.pl\/?page_id=511\"]}]},{\"@type\":\"BreadcrumbList\",\"@id\":\"https:\/\/biercauto.pl\/?page_id=511#breadcrumb\",\"itemListElement\":[{\"@type\":\"ListItem\",\"position\":1,\"name\":\"Start\",\"item\":\"https:\/\/biercauto.pl\/\"},{\"@type\":\"ListItem\",\"position\":2,\"name\":\"Oferta\"}]},{\"@type\":\"WebSite\",\"@id\":\"https:\/\/biercauto.pl\/#website\",\"url\":\"https:\/\/biercauto.pl\/\",\"name\":\"Bierc Auto Serwis\",\"description\":\"Autoryzowany serwis Ford Quick Lane Nowa Ruda\",\"potentialAction\":[{\"@type\":\"SearchAction\",\"target\":{\"@type\":\"EntryPoint\",\"urlTemplate\":\"https:\/\/biercauto.pl\/?s={search_term_string}\"},\"query-input\":\"required name=search_term_string\"}],\"inLanguage\":\"pl-PL\"}]}<\/script>\n<!-- \/ Yoast SEO plugin. -->","yoast_head_json":{"title":"Oferta - Bierc Auto Serwis","robots":{"index":"noindex","follow":"follow","max-snippet":"max-snippet:-1","max-image-preview":"max-image-preview:large","max-video-preview":"max-video-preview:-1"},"og_locale":"pl_PL","og_type":"article","og_title":"Oferta - Bierc Auto Serwis","og_description":"Pe\u0142en profesjonalizm, nie tylko dla ford\u00f3w W ramach ASO Ford Quick Lane, jak nazwa zobowi\u0105zuje, sprawnie wykonujemy obs\u0142ug\u0119 gwarancyjn\u0105 i pogwarancyjn\u0105 wszystkich pojazd\u00f3w osobowych i dostawczych marki Ford do 3,5 t. Niestraszne nam \u017cadne usterki ani kompleksowe remonty silnika czy naprawy ka\u017cdego rodzaju skrzy\u0144 bieg\u00f3w. Soft tuning te\u017c zrobimy! \u015awiadczymy ponadto naprawy g\u0142\u00f3wne silnik\u00f3w i [&hellip;]","og_url":"https:\/\/biercauto.pl\/?page_id=511","og_site_name":"Bierc Auto Serwis","article_modified_time":"2022-09-22T07:36:42+00:00","twitter_card":"summary_large_image","twitter_misc":{"Szacowany czas czytania":"2 minuty"},"schema":{"@context":"https:\/\/schema.org","@graph":[{"@type":"WebPage","@id":"https:\/\/biercauto.pl\/?page_id=511","url":"https:\/\/biercauto.pl\/?page_id=511","name":"Oferta - Bierc Auto Serwis","isPartOf":{"@id":"https:\/\/biercauto.pl\/#website"},"datePublished":"2022-07-05T04:59:49+00:00","dateModified":"2022-09-22T07:36:42+00:00","breadcrumb":{"@id":"https:\/\/biercauto.pl\/?page_id=511#breadcrumb"},"inLanguage":"pl-PL","potentialAction":[{"@type":"ReadAction","target":["https:\/\/biercauto.pl\/?page_id=511"]}]},{"@type":"BreadcrumbList","@id":"https:\/\/biercauto.pl\/?page_id=511#breadcrumb","itemListElement":[{"@type":"ListItem","position":1,"name":"Start","item":"https:\/\/biercauto.pl\/"},{"@type":"ListItem","position":2,"name":"Oferta"}]},{"@type":"WebSite","@id":"https:\/\/biercauto.pl\/#website","url":"https:\/\/biercauto.pl\/","name":"Bierc Auto Serwis","description":"Autoryzowany serwis Ford Quick Lane Nowa Ruda","potentialAction":[{"@type":"SearchAction","target":{"@type":"EntryPoint","urlTemplate":"https:\/\/biercauto.pl\/?s={search_term_string}"},"query-input":"required name=search_term_string"}],"inLanguage":"pl-PL"}]}},"_links":{"self":[{"href":"https:\/\/biercauto.pl\/index.php?rest_route=\/wp\/v2\/pages\/511"}],"collection":[{"href":"https:\/\/biercauto.pl\/index.php?rest_route=\/wp\/v2\/pages"}],"about":[{"href":"https:\/\/biercauto.pl\/index.php?rest_route=\/wp\/v2\/types\/page"}],"author":[{"embeddable":true,"href":"https:\/\/biercauto.pl\/index.php?rest_route=\/wp\/v2\/users\/1"}],"replies":[{"embeddable":true,"href":"https:\/\/biercauto.pl\/index.php?rest_route=%2Fwp%2Fv2%2Fcomments&post=511"}],"version-history":[{"count":9,"href":"https:\/\/biercauto.pl\/index.php?rest_route=\/wp\/v2\/pages\/511\/revisions"}],"predecessor-version":[{"id":674,"href":"https:\/\/biercauto.pl\/index.php?rest_route=\/wp\/v2\/pages\/511\/revisions\/674"}],"wp:attachment":[{"href":"https:\/\/biercauto.pl\/index.php?rest_route=%2Fwp%2Fv2%2Fmedia&parent=511"}],"curies":[{"name":"wp","href":"https:\/\/api.w.org\/{rel}","templated":true}]}}