{"id":513,"date":"2022-07-05T07:01:22","date_gmt":"2022-07-05T05:01:22","guid":{"rendered":"http:\/\/biercauto.pl\/?page_id=513"},"modified":"2022-09-22T09:39:04","modified_gmt":"2022-09-22T07:39:04","slug":"o-nas","status":"publish","type":"page","link":"https:\/\/biercauto.pl\/?page_id=513","title":{"rendered":"O nas"},"content":{"rendered":"<h2 class=\"lvl0__h lvl0__h--35\">Znamy si\u0119 na motoryzacji \u2013 skorzystaj z naszej wiedzy!<\/h2>\n<p>Od 2006 roku prowadzimy Bierc Auto Serwis w nowej Rudzie, s\u0142u\u017c\u0105c wykwalifikowan\u0105 pomoc\u0105 w\u0142a\u015bcicielom samochod\u00f3w osobowych i dostawczych do 3,5 t DMC, r\u00f3wnie\u017c z nap\u0119dem 4&#215;4, nie tylko marki Ford. Jeste\u015bmy dumni, \u017ce nale\u017cy do sieci <strong>ASO Ford Quick Lane<\/strong>, kt\u00f3ra jest potwierdzeniem jako\u015bci \u015bwiadczonych us\u0142ug oraz gwarancj\u0105 profesjonalizmu. \u015awiadczymy serwis gwarancyjny i pogwarancyjny wszystkich ww. pojazd\u00f3w Ford, ale jak przysta\u0142o na profesjonalny warsztat samochodowy \u2013 r\u00f3wnie dobrze naprawiamy te\u017c inne samochody osobowe, zw\u0142aszcza te z grup BMW i VW. Zaopatrujemy w cz\u0119\u015bci zamienne i akcesoria marki <strong>Ford<\/strong>, a tak\u017ce <strong>Motorcraft<\/strong> i <strong>Omnicraft<\/strong>. Sprawd\u017a zakres naszej <a href=\"\/oferta\/\">oferty<\/a>!<\/p>\n<p><img loading=\"lazy\" src=\"\/wp-content\/uploads\/2022\/09\/o-nas.jpg\" alt=\"Obraz\" width=\"869\" height=\"340\" class=\"mb-40\" \/><\/p>\n<p>Bierc Auto Serwis jest cz\u0142onkiem CECH-u w K\u0142odzku oraz Stowarzyszenia Rzeczoznawc\u00f3w Techniki Samochodowej &#8211; w\u0142a\u015bciciel serwisu Emanuel Bierc ma <strong>certyfikat rzeczoznawcy z zakresu techniki motoryzacji<\/strong>. Dlatego w kwestii motoryzacji pomagamy naszym klientom kompleksowo \u2013 doradztwo, ogl\u0119dziny, wyceny szk\u00f3d, pomoc w zakupie nowego samochodu. W tych kwestiach zapraszamy do kontaktu z nami.<\/p>\n<h3 class=\"lvl0__h lvl0__h--35 mt-30\">Sprawdzone marki \u2013 najwy\u017csza jako\u015b\u0107<\/h3>\n<p>Naszym partnerem jest ponadto Valvoline, kt\u00f3rej autoryzowanym dystrybutorem jeste\u015bmy \u2013 sprzedajemy oleje silnikowe tej renomowanej marki o 150-letniej historii.<\/p>\n<p>W trosce o najwy\u017csz\u0105 jako\u015b\u0107 us\u0142ug  weryfikujemy naszych podwykonawc\u00f3w. Poza mark\u0105 <strong>Ford<\/strong> i Valvoline wsp\u00f3\u0142pracujemy z takimi markami, jak <strong>Motorcraft, Omnicraft<\/strong>, Contitech, Bosch, ATE, Knecht, Erling, Stag, Landi Renzo. To r\u00f3wnie\u017c dzi\u0119ki nim zapewniamy najwy\u017cszej jako\u015bci sprz\u0119t, akcesoria i us\u0142ugi.<\/p>\n<div class=\"container\">\n<div class=\"row\">\n<div class=\"col-12 col-md-6 mt-5 mb-15\">\n<ul>\n<li>Montujemy cz\u0119\u015bci obj\u0119te gwarancj\u0105 producenta 2-5 lat w zale\u017cno\u015bci od produktu.<\/li>\n<li>Udzielamy r\u0119kojmi z tytu\u0142u wykonanej us\u0142ugi.<\/li>\n<li>Udzielamy rabat\u00f3w sta\u0142ym klientom.<\/li>\n<\/ul><\/div>\n<div class=\"col-12 col-md-6\">\n<ul>\n<li>Organizujemy czasowe promocje na cz\u0119\u015bci i akcesoria.<\/li>\n<li>Posiadamy ubezpieczenie OC warsztatu.<\/li>\n<li>Posiadamy hamowni\u0119 drogow\u0105 2&#215;4 i 4&#215;4.<\/li>\n<li>Przy wsp\u00f3\u0142pracy z MagicMotorsport oferujemy soft tuning.<\/li>\n<\/ul><\/div>\n<div class=\"col-12 col-md-6\">\n\t  <img loading=\"lazy\" src=\"\/wp-content\/uploads\/2022\/07\/o-nas__img-2.jpg\" alt=\"Obraz\" width=\"400\" height=\"178\" \/>\n    <\/div>\n<div class=\"col-12 col-md-6\">\n<ul>\n<p>Nie bez znaczenia jest oczywi\u015bcie nasz zesp\u00f3\u0142: z wysokimi kwalifikacjami i przeszkolony, doskonal\u0105cy ca\u0142y czas swoje umiej\u0119tno\u015bci w pr\u0119\u017cnie rozwijaj\u0105cej si\u0119 dziedzinie motoryzacji. Uczciwo\u015bci\u0105, rzetelno\u015bci\u0105 i s\u0142owno\u015bci\u0105 zaskarbili\u015bmy sobie sympati\u0119, a zw\u0142aszcza zaufanie wielu klient\u00f3w z powiatu k\u0142odzkiego i okolic \u2013 przekonaj si\u0119!<\/p>\n<\/ul><\/div>\n<\/p><\/div>\n<\/div>\n<div class=\"lvl5 mt-80\">\n<div class=\"container\">\n<div class=\"row lvl5__box lvl5__box--2  lvl0__bcg-cover\" data-aos=\"fade-up\" data-aos-delay=\"300\">\n<div class=\"col-12 lvl5__quote\">\n<h2 class=\"lvl0__h lvl0__h--white mb-30\">Klienci daj\u0105 nam 5 gwiazdek!<\/h2>\n\t\t\t\t<div class=\"swiper-box\">\r\n\t\t\t\t\t<div id=\"swiper-opinie-sg\" class=\"swiper-slider swiper-container opinie-sg type-custom\">\r\n\t\t\t\t\t\t<div class=\"swiper-wrapper\">\r\n\t\t\t\t\t\t\t\t\t\t\t\t\t\t\t\t\t\t\t<div class=\"swiper-slide slide slide-1\">\r\n\t\t\t\t\t\t\t\t\t\t\t\t\t<div class=\"slide__content\">\r\n\t<div class=\"slide__html\"><p class=\"lvl0__p--white lvl5__p\">Zosta\u0142em potraktowany kompetentnie i fachowo, cena ni\u017csza nawet od tej na kt\u00f3r\u0105 si\u0119 wcze\u015bniej umawiali\u015bmy. Kompletne doradztwo w zakresie zakupu cz\u0119\u015bci zamiennych. Szczerze polecam t\u0105 firm\u0119.<\/p>\r\n<a href=\"https:\/\/www.google.com\/maps\/contrib\/104201268281512747653\/photos\/@50.6600608,16.4763285,10z\/data=!3m1!4b1!4m3!8m2!3m1!1e1?hl=pl\" target=\"_blank\" rel=\"nofollow\" class=\"lvl5__a\">Marek Bednarek<\/a><\/div><\/div>\t\t\t\t\t\t\t\t\t\t\t\t<\/div>\r\n\t\t\t\t\t\t\t\t\t\t\t\t\t\t\t\t\t\t\t\t\t\t\t<div class=\"swiper-slide slide slide-2\">\r\n\t\t\t\t\t\t\t\t\t\t\t\t\t<div class=\"slide__content\">\r\n\t<div class=\"slide__html\"><p class=\"lvl0__p--white lvl5__p\">Pomimo braku czas, \u017ceby awaryjnie przyj\u0105\u0107 auto na warsztat, uda\u0142o si\u0119 telefonicznie naprowadzi\u0107 na pow\u00f3d awarii. Bardzo dzi\u0119kuj\u0119, serdecznie polecam!!!<\/p>\r\n<a href=\"https:\/\/www.google.com\/maps\/contrib\/113704097965235358489?hl=pl&amp;sa=X&amp;ved=2ahUKEwjgjJW_qr74AhXWgSoKHRDPACQQvvQBegQIARAv\" target=\"_blank\" rel=\"nofollow\" class=\"lvl5__a\">Micha\u0142 Nieciecki<\/a><\/div><\/div>\t\t\t\t\t\t\t\t\t\t\t\t<\/div>\r\n\t\t\t\t\t\t\t\t\t\t\t\t\t\t\t\t\t\t\t\t\t\t\t<div class=\"swiper-slide slide slide-3\">\r\n\t\t\t\t\t\t\t\t\t\t\t\t\t<div class=\"slide__content\">\r\n\t<div class=\"slide__html\"><p class=\"lvl0__p--white lvl5__p\">Pe\u0142en profesjonalizm i pomoc przy zakupie auta. Samoch\u00f3d zakupiony w tej firmie jest pewny, z pe\u0142n\u0105 histori\u0105, w pe\u0142ni przygotowany do jazdy, po wymianie wszystkich p\u0142yn\u00f3w, olej\u00f3w i rozrz\u0105du. Sprzedawca otwarty na kontakt z klientem. Przejechane ju\u017c kilka tysi\u0119cy km i z samochodem nic si\u0119 nie dzieje. Gwarancja udzielana przez sprzedaj\u0105cego. Polecam!<\/p>\r\n<a href=\"https:\/\/www.google.com\/maps\/contrib\/117097366695387672493?hl=pl&amp;sa=X&amp;ved=2ahUKEwjgjJW_qr74AhXWgSoKHRDPACQQvvQBegQIARBF\" target=\"_blank\" rel=\"nofollow\" class=\"lvl5__a\">Tomasz KoP<\/a><\/div><\/div>\t\t\t\t\t\t\t\t\t\t\t\t<\/div>\r\n\t\t\t\t\t\t\t\t\t\t\t\t\t\t\t\t\t\t\t\t\t\t\t<div class=\"swiper-slide slide slide-4\">\r\n\t\t\t\t\t\t\t\t\t\t\t\t\t<div class=\"slide__content\">\r\n\t<div class=\"slide__html\"><p class=\"lvl0__p--white lvl5__p\">Super firma, super fachowcy i perfekcyjna oraz przemi\u0142a obs\u0142uga. Drugiej takiej w okolicy nie znam. Polecam dokonywanie wszelkich napraw w tej firmie!!!<\/p>\r\n<a href=\"https:\/\/www.google.com\/maps\/contrib\/105469871836908459530?hl=pl&amp;sa=X&amp;ved=2ahUKEwjgjJW_qr74AhXWgSoKHRDPACQQvvQBegQIARB3\" target=\"_blank\" rel=\"nofollow\" class=\"lvl5__a\">Stanis\u0142aw<\/a><\/div><\/div>\t\t\t\t\t\t\t\t\t\t\t\t<\/div>\r\n\t\t\t\t\t\t\t\t\t\t\t\t\t\t\t\t\t\t\t\t\t\t\t<div class=\"swiper-slide slide slide-5\">\r\n\t\t\t\t\t\t\t\t\t\t\t\t\t<div class=\"slide__content\">\r\n\t<div class=\"slide__html\"><p class=\"lvl0__p--white lvl5__p\">Wymiana rozrz\u0105du Land Rover Evoque. Zosta\u0142o zrobione latem 2020 r. Do tej pory samoch\u00f3d dobrze dzie\u0142a. Wiele warsztat\u00f3w nie by\u0142o ch\u0119tnych do wykonania tej naprawy, wi\u0119c mog\u0119 potwierdzi\u0107, \u017ce Panowie znaj\u0105 si\u0119 na rzeczy.<\/p>\r\n<a href=\"https:\/\/www.google.com\/maps\/contrib\/108997361503626973391?hl=pl&amp;sa=X&amp;ved=2ahUKEwjgjJW_qr74AhXWgSoKHRDPACQQvvQBegUIARCNAQ\" target=\"_blank\" rel=\"nofollow\" class=\"lvl5__a\">Stanku<\/a><\/div><\/div>\t\t\t\t\t\t\t\t\t\t\t\t<\/div>\r\n\t\t\t\t\t\t\t\t\t\t\t\t\t\t\t\t\t\t\t\t\t\t\t<div class=\"swiper-slide slide slide-6\">\r\n\t\t\t\t\t\t\t\t\t\t\t\t\t<div class=\"slide__content\">\r\n\t<div class=\"slide__html\"><p class=\"lvl0__p--white lvl5__p\">Profesjonalnie i rzetelnie przeprowadzony gruntowny serwis samochodu. Bardzo dobre, cierpliwe podej\u015bcie do klienta. Ceny us\u0142ug tak\u017ce dobre, adekwatne do wysokiej jako\u015bci przeprowadzonych prac. Warsztat gor\u0105co polecam. Zero fuszerki i naci\u0105gania klienta. Samoch\u00f3d: AR Giulietta.<\/p>\r\n<a href=\"https:\/\/www.google.com\/maps\/contrib\/101238374202515750453?hl=pl&amp;sa=X&amp;ved=2ahUKEwjgjJW_qr74AhXWgSoKHRDPACQQvvQBegUIARDPAQ\" target=\"_blank\" rel=\"nofollow\" class=\"lvl5__a\">Damian Bylicki<\/a><\/div><\/div>\t\t\t\t\t\t\t\t\t\t\t\t<\/div>\r\n\t\t\t\t\t\t\t\t\t\t\t\t\t\t\t\t\t<\/div>\r\n\t\t\t\t\t<\/div>\r\n\r\n\t\t\t\t\t\r\n\t\t\t\t\t\r\n\t\t\t\t\t\r\n\t\t\t\t\t\t\t\t\t<\/div>\r\n\t\t\t\n<p class=\"lvl0__p--white\">Wi\u0119cej opinii znajdziesz w <a href=\"https:\/\/www.google.com\/search?q=Bierc+Auto+Serwis+Emanuel+Bierc+-+FORD+Quick+Lane+Autoryzowany+Serwis&#038;ei=3svDYsrfH9iAi-gPrpi-kAk&#038;ved=0ahUKEwjKxrDsgeH4AhVYwAIHHS6MD5IQ4dUDCA4&#038;uact=5&#038;oq=Bierc+Auto+Serwis+Emanuel+Bierc+-+FORD+Quick+Lane+Autoryzowany+Serwis&#038;gs_lcp=Cgdnd3Mtd2l6EAMyBAgAEB5KBAhBGABKBAhGGABQmQNYmQNg9whoAnAAeACAAUeIAUeSAQExmAEAoAEBoAECsAEAwAEB&#038;sclient=gws-wiz\" target=\"_blank\" rel=\"nofollow noopener\">Google<\/a>.<\/p>\n<\/p><\/div>\n<\/p><\/div>\n<\/p><\/div>\n<\/p><\/div>\n<div class=\"lvl0__gallery mt-80\">\n<div class=\"container\">\n<div class=\"row\" data-aos=\"fade-up\">\n<div class=\"col-12\">\n<h2 class=\"lvl0__h mb-30\">Certyfikaty<\/h2>\n<div id='gallery-1' class='gallery galleryid-513 gallery-columns-4 gallery-size-full'><figure class='gallery-item'>\n\t\t\t<div class='gallery-icon portrait'>\n\t\t\t\t<a href='https:\/\/biercauto.pl\/?attachment_id=634'><img width=\"1653\" height=\"2337\" src=\"https:\/\/biercauto.pl\/wp-content\/uploads\/2022\/09\/certyfikat-6.png\" class=\"attachment-full size-full\" alt=\"\" loading=\"lazy\" srcset=\"https:\/\/biercauto.pl\/wp-content\/uploads\/2022\/09\/certyfikat-6.png 1653w, https:\/\/biercauto.pl\/wp-content\/uploads\/2022\/09\/certyfikat-6-768x1086.png 768w, https:\/\/biercauto.pl\/wp-content\/uploads\/2022\/09\/certyfikat-6-1086x1536.png 1086w, https:\/\/biercauto.pl\/wp-content\/uploads\/2022\/09\/certyfikat-6-1449x2048.png 1449w\" sizes=\"(max-width: 1653px) 100vw, 1653px\" \/><\/a>\n\t\t\t<\/div><\/figure><figure class='gallery-item'>\n\t\t\t<div class='gallery-icon portrait'>\n\t\t\t\t<a href='https:\/\/biercauto.pl\/?attachment_id=635'><img width=\"1653\" height=\"2337\" src=\"https:\/\/biercauto.pl\/wp-content\/uploads\/2022\/09\/certyfikat-5.png\" class=\"attachment-full size-full\" alt=\"\" loading=\"lazy\" srcset=\"https:\/\/biercauto.pl\/wp-content\/uploads\/2022\/09\/certyfikat-5.png 1653w, https:\/\/biercauto.pl\/wp-content\/uploads\/2022\/09\/certyfikat-5-768x1086.png 768w, https:\/\/biercauto.pl\/wp-content\/uploads\/2022\/09\/certyfikat-5-1086x1536.png 1086w, https:\/\/biercauto.pl\/wp-content\/uploads\/2022\/09\/certyfikat-5-1449x2048.png 1449w\" sizes=\"(max-width: 1653px) 100vw, 1653px\" \/><\/a>\n\t\t\t<\/div><\/figure><figure class='gallery-item'>\n\t\t\t<div class='gallery-icon portrait'>\n\t\t\t\t<a href='https:\/\/biercauto.pl\/?attachment_id=636'><img width=\"1653\" height=\"2337\" src=\"https:\/\/biercauto.pl\/wp-content\/uploads\/2022\/09\/certyfikat-4.png\" class=\"attachment-full size-full\" alt=\"\" loading=\"lazy\" srcset=\"https:\/\/biercauto.pl\/wp-content\/uploads\/2022\/09\/certyfikat-4.png 1653w, https:\/\/biercauto.pl\/wp-content\/uploads\/2022\/09\/certyfikat-4-768x1086.png 768w, https:\/\/biercauto.pl\/wp-content\/uploads\/2022\/09\/certyfikat-4-1086x1536.png 1086w, https:\/\/biercauto.pl\/wp-content\/uploads\/2022\/09\/certyfikat-4-1449x2048.png 1449w\" sizes=\"(max-width: 1653px) 100vw, 1653px\" \/><\/a>\n\t\t\t<\/div><\/figure><figure class='gallery-item'>\n\t\t\t<div class='gallery-icon portrait'>\n\t\t\t\t<a href='https:\/\/biercauto.pl\/?attachment_id=637'><img width=\"1653\" height=\"2337\" src=\"https:\/\/biercauto.pl\/wp-content\/uploads\/2022\/09\/certyfikat-3.png\" class=\"attachment-full size-full\" alt=\"\" loading=\"lazy\" srcset=\"https:\/\/biercauto.pl\/wp-content\/uploads\/2022\/09\/certyfikat-3.png 1653w, https:\/\/biercauto.pl\/wp-content\/uploads\/2022\/09\/certyfikat-3-768x1086.png 768w, https:\/\/biercauto.pl\/wp-content\/uploads\/2022\/09\/certyfikat-3-1086x1536.png 1086w, https:\/\/biercauto.pl\/wp-content\/uploads\/2022\/09\/certyfikat-3-1449x2048.png 1449w\" sizes=\"(max-width: 1653px) 100vw, 1653px\" \/><\/a>\n\t\t\t<\/div><\/figure><figure class='gallery-item'>\n\t\t\t<div class='gallery-icon portrait'>\n\t\t\t\t<a href='https:\/\/biercauto.pl\/?attachment_id=638'><img width=\"1653\" height=\"2337\" src=\"https:\/\/biercauto.pl\/wp-content\/uploads\/2022\/09\/certyfikat-2.png\" class=\"attachment-full size-full\" alt=\"\" loading=\"lazy\" srcset=\"https:\/\/biercauto.pl\/wp-content\/uploads\/2022\/09\/certyfikat-2.png 1653w, https:\/\/biercauto.pl\/wp-content\/uploads\/2022\/09\/certyfikat-2-768x1086.png 768w, https:\/\/biercauto.pl\/wp-content\/uploads\/2022\/09\/certyfikat-2-1086x1536.png 1086w, https:\/\/biercauto.pl\/wp-content\/uploads\/2022\/09\/certyfikat-2-1449x2048.png 1449w\" sizes=\"(max-width: 1653px) 100vw, 1653px\" \/><\/a>\n\t\t\t<\/div><\/figure><figure class='gallery-item'>\n\t\t\t<div class='gallery-icon portrait'>\n\t\t\t\t<a href='https:\/\/biercauto.pl\/?attachment_id=639'><img width=\"1653\" height=\"2337\" src=\"https:\/\/biercauto.pl\/wp-content\/uploads\/2022\/09\/certyfikat-1.png\" class=\"attachment-full size-full\" alt=\"\" loading=\"lazy\" srcset=\"https:\/\/biercauto.pl\/wp-content\/uploads\/2022\/09\/certyfikat-1.png 1653w, https:\/\/biercauto.pl\/wp-content\/uploads\/2022\/09\/certyfikat-1-768x1086.png 768w, https:\/\/biercauto.pl\/wp-content\/uploads\/2022\/09\/certyfikat-1-1086x1536.png 1086w, https:\/\/biercauto.pl\/wp-content\/uploads\/2022\/09\/certyfikat-1-1449x2048.png 1449w\" sizes=\"(max-width: 1653px) 100vw, 1653px\" \/><\/a>\n\t\t\t<\/div><\/figure>\n\t\t<\/div>\n<\/div>\n<\/p><\/div>\n<\/p><\/div>\n<\/p><\/div>\n","protected":false},"excerpt":{"rendered":"<p>Znamy si\u0119 na motoryzacji \u2013 skorzystaj z naszej wiedzy! Od 2006 roku prowadzimy Bierc Auto Serwis w nowej Rudzie, s\u0142u\u017c\u0105c wykwalifikowan\u0105 pomoc\u0105 w\u0142a\u015bcicielom samochod\u00f3w osobowych i dostawczych do 3,5 t DMC, r\u00f3wnie\u017c z nap\u0119dem 4&#215;4, nie tylko marki Ford. Jeste\u015bmy dumni, \u017ce nale\u017cy do sieci ASO Ford Quick Lane, kt\u00f3ra jest potwierdzeniem jako\u015bci \u015bwiadczonych us\u0142ug [&hellip;]<\/p>\n","protected":false},"author":1,"featured_media":0,"parent":517,"menu_order":0,"comment_status":"closed","ping_status":"closed","template":"templates\/page-sidebar-left.php","meta":[],"acf":[],"yoast_head":"<!-- This site is optimized with the Yoast SEO plugin v20.6 - https:\/\/yoast.com\/wordpress\/plugins\/seo\/ -->\n<title>O nas - Bierc Auto Serwis<\/title>\n<meta name=\"robots\" content=\"noindex, follow, max-snippet:-1, max-image-preview:large, max-video-preview:-1\" \/>\n<meta property=\"og:locale\" content=\"pl_PL\" \/>\n<meta property=\"og:type\" content=\"article\" \/>\n<meta property=\"og:title\" content=\"O nas - Bierc Auto Serwis\" \/>\n<meta property=\"og:description\" content=\"Znamy si\u0119 na motoryzacji \u2013 skorzystaj z naszej wiedzy! Od 2006 roku prowadzimy Bierc Auto Serwis w nowej Rudzie, s\u0142u\u017c\u0105c wykwalifikowan\u0105 pomoc\u0105 w\u0142a\u015bcicielom samochod\u00f3w osobowych i dostawczych do 3,5 t DMC, r\u00f3wnie\u017c z nap\u0119dem 4&#215;4, nie tylko marki Ford. Jeste\u015bmy dumni, \u017ce nale\u017cy do sieci ASO Ford Quick Lane, kt\u00f3ra jest potwierdzeniem jako\u015bci \u015bwiadczonych us\u0142ug [&hellip;]\" \/>\n<meta property=\"og:url\" content=\"https:\/\/biercauto.pl\/?page_id=513\" \/>\n<meta property=\"og:site_name\" content=\"Bierc Auto Serwis\" \/>\n<meta property=\"article:modified_time\" content=\"2022-09-22T07:39:04+00:00\" \/>\n<meta property=\"og:image\" content=\"https:\/\/biercauto.pl\/wp-content\/uploads\/2022\/09\/certyfikat-6.png\" \/>\n<meta name=\"twitter:card\" content=\"summary_large_image\" \/>\n<meta name=\"twitter:label1\" content=\"Szacowany czas czytania\" \/>\n\t<meta name=\"twitter:data1\" content=\"3 minuty\" \/>\n<script type=\"application\/ld+json\" class=\"yoast-schema-graph\">{\"@context\":\"https:\/\/schema.org\",\"@graph\":[{\"@type\":\"WebPage\",\"@id\":\"https:\/\/biercauto.pl\/?page_id=513\",\"url\":\"https:\/\/biercauto.pl\/?page_id=513\",\"name\":\"O nas - Bierc Auto Serwis\",\"isPartOf\":{\"@id\":\"https:\/\/biercauto.pl\/#website\"},\"datePublished\":\"2022-07-05T05:01:22+00:00\",\"dateModified\":\"2022-09-22T07:39:04+00:00\",\"breadcrumb\":{\"@id\":\"https:\/\/biercauto.pl\/?page_id=513#breadcrumb\"},\"inLanguage\":\"pl-PL\",\"potentialAction\":[{\"@type\":\"ReadAction\",\"target\":[\"https:\/\/biercauto.pl\/?page_id=513\"]}]},{\"@type\":\"BreadcrumbList\",\"@id\":\"https:\/\/biercauto.pl\/?page_id=513#breadcrumb\",\"itemListElement\":[{\"@type\":\"ListItem\",\"position\":1,\"name\":\"Start\",\"item\":\"https:\/\/biercauto.pl\/\"},{\"@type\":\"ListItem\",\"position\":2,\"name\":\"O&nbsp;firmie\",\"item\":\"https:\/\/biercauto.pl\/?page_id=517\"},{\"@type\":\"ListItem\",\"position\":3,\"name\":\"O&nbsp;nas\"}]},{\"@type\":\"WebSite\",\"@id\":\"https:\/\/biercauto.pl\/#website\",\"url\":\"https:\/\/biercauto.pl\/\",\"name\":\"Bierc Auto Serwis\",\"description\":\"Autoryzowany serwis Ford Quick Lane Nowa Ruda\",\"potentialAction\":[{\"@type\":\"SearchAction\",\"target\":{\"@type\":\"EntryPoint\",\"urlTemplate\":\"https:\/\/biercauto.pl\/?s={search_term_string}\"},\"query-input\":\"required name=search_term_string\"}],\"inLanguage\":\"pl-PL\"}]}<\/script>\n<!-- \/ Yoast SEO plugin. -->","yoast_head_json":{"title":"O nas - Bierc Auto Serwis","robots":{"index":"noindex","follow":"follow","max-snippet":"max-snippet:-1","max-image-preview":"max-image-preview:large","max-video-preview":"max-video-preview:-1"},"og_locale":"pl_PL","og_type":"article","og_title":"O nas - Bierc Auto Serwis","og_description":"Znamy si\u0119 na motoryzacji \u2013 skorzystaj z naszej wiedzy! Od 2006 roku prowadzimy Bierc Auto Serwis w nowej Rudzie, s\u0142u\u017c\u0105c wykwalifikowan\u0105 pomoc\u0105 w\u0142a\u015bcicielom samochod\u00f3w osobowych i dostawczych do 3,5 t DMC, r\u00f3wnie\u017c z nap\u0119dem 4&#215;4, nie tylko marki Ford. Jeste\u015bmy dumni, \u017ce nale\u017cy do sieci ASO Ford Quick Lane, kt\u00f3ra jest potwierdzeniem jako\u015bci \u015bwiadczonych us\u0142ug [&hellip;]","og_url":"https:\/\/biercauto.pl\/?page_id=513","og_site_name":"Bierc Auto Serwis","article_modified_time":"2022-09-22T07:39:04+00:00","og_image":[{"url":"https:\/\/biercauto.pl\/wp-content\/uploads\/2022\/09\/certyfikat-6.png"}],"twitter_card":"summary_large_image","twitter_misc":{"Szacowany czas czytania":"3 minuty"},"schema":{"@context":"https:\/\/schema.org","@graph":[{"@type":"WebPage","@id":"https:\/\/biercauto.pl\/?page_id=513","url":"https:\/\/biercauto.pl\/?page_id=513","name":"O nas - Bierc Auto Serwis","isPartOf":{"@id":"https:\/\/biercauto.pl\/#website"},"datePublished":"2022-07-05T05:01:22+00:00","dateModified":"2022-09-22T07:39:04+00:00","breadcrumb":{"@id":"https:\/\/biercauto.pl\/?page_id=513#breadcrumb"},"inLanguage":"pl-PL","potentialAction":[{"@type":"ReadAction","target":["https:\/\/biercauto.pl\/?page_id=513"]}]},{"@type":"BreadcrumbList","@id":"https:\/\/biercauto.pl\/?page_id=513#breadcrumb","itemListElement":[{"@type":"ListItem","position":1,"name":"Start","item":"https:\/\/biercauto.pl\/"},{"@type":"ListItem","position":2,"name":"O&nbsp;firmie","item":"https:\/\/biercauto.pl\/?page_id=517"},{"@type":"ListItem","position":3,"name":"O&nbsp;nas"}]},{"@type":"WebSite","@id":"https:\/\/biercauto.pl\/#website","url":"https:\/\/biercauto.pl\/","name":"Bierc Auto Serwis","description":"Autoryzowany serwis Ford Quick Lane Nowa Ruda","potentialAction":[{"@type":"SearchAction","target":{"@type":"EntryPoint","urlTemplate":"https:\/\/biercauto.pl\/?s={search_term_string}"},"query-input":"required name=search_term_string"}],"inLanguage":"pl-PL"}]}},"_links":{"self":[{"href":"https:\/\/biercauto.pl\/index.php?rest_route=\/wp\/v2\/pages\/513"}],"collection":[{"href":"https:\/\/biercauto.pl\/index.php?rest_route=\/wp\/v2\/pages"}],"about":[{"href":"https:\/\/biercauto.pl\/index.php?rest_route=\/wp\/v2\/types\/page"}],"author":[{"embeddable":true,"href":"https:\/\/biercauto.pl\/index.php?rest_route=\/wp\/v2\/users\/1"}],"replies":[{"embeddable":true,"href":"https:\/\/biercauto.pl\/index.php?rest_route=%2Fwp%2Fv2%2Fcomments&post=513"}],"version-history":[{"count":15,"href":"https:\/\/biercauto.pl\/index.php?rest_route=\/wp\/v2\/pages\/513\/revisions"}],"predecessor-version":[{"id":675,"href":"https:\/\/biercauto.pl\/index.php?rest_route=\/wp\/v2\/pages\/513\/revisions\/675"}],"up":[{"embeddable":true,"href":"https:\/\/biercauto.pl\/index.php?rest_route=\/wp\/v2\/pages\/517"}],"wp:attachment":[{"href":"https:\/\/biercauto.pl\/index.php?rest_route=%2Fwp%2Fv2%2Fmedia&parent=513"}],"curies":[{"name":"wp","href":"https:\/\/api.w.org\/{rel}","templated":true}]}}